{"id":19,"date":"2013-03-12T15:20:21","date_gmt":"2013-03-12T15:20:21","guid":{"rendered":"http:\/\/reformascostadelsol.com\/?page_id=19"},"modified":"2014-07-21T18:32:11","modified_gmt":"2014-07-21T18:32:11","slug":"servicio-custodia","status":"publish","type":"page","link":"https:\/\/casasencostadelsol.com\/en\/servicio-custodia\/","title":{"rendered":"Servicio Custodia"},"content":{"rendered":"<p>Si usted no reside permanentemente en su vivienda en la zona de Marbella o Estepona, nosotros le ofrecemos la posibilidad de supervisar su vivienda peri\u00f3dicamente, a trav\u00e9s de los siguientes servicios:<\/p>\n<ul>\n<li>Control total sobre su estado<\/li>\n<li>Ventilaci\u00f3n de la vivienda<\/li>\n<li>Recogida de correspondencia<\/li>\n<li>Control de jardineros u otros servicios con acceso a la propiedad<\/li>\n<\/ul>\n<p>En caso de incidencia, se informar\u00e1 por email del estado de la misma y su resoluci\u00f3n en caso urgente, siempre con confidencialidad por parte del cliente.<\/p>","protected":false},"excerpt":{"rendered":"<p>Si usted no reside permanentemente en su vivienda en la zona de Marbella o Estepona, nosotros le ofrecemos la posibilidad de supervisar su vivienda peri\u00f3dicamente, a trav\u00e9s de los siguientes servicios: Control total sobre su estado Ventilaci\u00f3n de la vivienda Recogida de correspondencia Control de jardineros u otros servicios con acceso a la propiedad En<\/p>\n<p class=\"readmore\"> <a href=\"https:\/\/casasencostadelsol.com\/en\/servicio-custodia\/\" title=\"Read Servicio Custodia\">Leer m\u00e1s &#8230;<\/a> <\/p>\n","protected":false},"author":1,"featured_media":0,"parent":0,"menu_order":0,"comment_status":"open","ping_status":"open","template":"","meta":{"footnotes":""},"class_list":["post-19","page","type-page","status-publish","hentry"],"_links":{"self":[{"href":"https:\/\/casasencostadelsol.com\/en\/wp-json\/wp\/v2\/pages\/19","targetHints":{"allow":["GET"]}}],"collection":[{"href":"https:\/\/casasencostadelsol.com\/en\/wp-json\/wp\/v2\/pages"}],"about":[{"href":"https:\/\/casasencostadelsol.com\/en\/wp-json\/wp\/v2\/types\/page"}],"author":[{"embeddable":true,"href":"https:\/\/casasencostadelsol.com\/en\/wp-json\/wp\/v2\/users\/1"}],"replies":[{"embeddable":true,"href":"https:\/\/casasencostadelsol.com\/en\/wp-json\/wp\/v2\/comments?post=19"}],"version-history":[{"count":2,"href":"https:\/\/casasencostadelsol.com\/en\/wp-json\/wp\/v2\/pages\/19\/revisions"}],"predecessor-version":[{"id":90,"href":"https:\/\/casasencostadelsol.com\/en\/wp-json\/wp\/v2\/pages\/19\/revisions\/90"}],"wp:attachment":[{"href":"https:\/\/casasencostadelsol.com\/en\/wp-json\/wp\/v2\/media?parent=19"}],"curies":[{"name":"wp","href":"https:\/\/api.w.org\/{rel}","templated":true}]}}