{"id":9,"date":"2012-10-16T14:37:26","date_gmt":"2012-10-16T14:37:26","guid":{"rendered":"http:\/\/reformascostadelsol.com\/?page_id=9"},"modified":"2014-06-17T10:52:39","modified_gmt":"2014-06-17T10:52:39","slug":"reformas","status":"publish","type":"page","link":"https:\/\/casasencostadelsol.com\/en\/reformas\/","title":{"rendered":"Reformas"},"content":{"rendered":"<p><\/p>\n<ul>\n<li>Dise\u00f1o y consejos sobre la reforma<\/li>\n<li>Alba\u00f1iler\u00eda en general<\/li>\n<li>Fontaner\u00eda<\/li>\n<li>Electricidad<\/li>\n<li>Pintura<\/li>\n<li>Aire Acondicionado<\/li>\n<li>Carpinter\u00eda<\/li>\n<li>Cocinas<\/li>\n<li>Limpieza<\/li>\n<\/ul>\n<p><\/p>","protected":false},"excerpt":{"rendered":"<p>Dise\u00f1o y consejos sobre la reforma Alba\u00f1iler\u00eda en general Fontaner\u00eda Electricidad Pintura Aire Acondicionado Carpinter\u00eda Cocinas Limpieza<\/p>\n","protected":false},"author":1,"featured_media":0,"parent":0,"menu_order":0,"comment_status":"open","ping_status":"open","template":"","meta":{"footnotes":""},"class_list":["post-9","page","type-page","status-publish","hentry"],"_links":{"self":[{"href":"https:\/\/casasencostadelsol.com\/en\/wp-json\/wp\/v2\/pages\/9","targetHints":{"allow":["GET"]}}],"collection":[{"href":"https:\/\/casasencostadelsol.com\/en\/wp-json\/wp\/v2\/pages"}],"about":[{"href":"https:\/\/casasencostadelsol.com\/en\/wp-json\/wp\/v2\/types\/page"}],"author":[{"embeddable":true,"href":"https:\/\/casasencostadelsol.com\/en\/wp-json\/wp\/v2\/users\/1"}],"replies":[{"embeddable":true,"href":"https:\/\/casasencostadelsol.com\/en\/wp-json\/wp\/v2\/comments?post=9"}],"version-history":[{"count":5,"href":"https:\/\/casasencostadelsol.com\/en\/wp-json\/wp\/v2\/pages\/9\/revisions"}],"predecessor-version":[{"id":82,"href":"https:\/\/casasencostadelsol.com\/en\/wp-json\/wp\/v2\/pages\/9\/revisions\/82"}],"wp:attachment":[{"href":"https:\/\/casasencostadelsol.com\/en\/wp-json\/wp\/v2\/media?parent=9"}],"curies":[{"name":"wp","href":"https:\/\/api.w.org\/{rel}","templated":true}]}}